{"id":1099,"date":"2019-12-18T19:40:56","date_gmt":"2019-12-18T18:40:56","guid":{"rendered":"http:\/\/themeforest.unitedthemes.com\/wpversions\/brooklyn\/xml\/demo42\/?page_id=1099"},"modified":"2022-12-23T02:07:50","modified_gmt":"2022-12-23T01:07:50","slug":"datenschutz","status":"publish","type":"page","link":"https:\/\/www.commart.de\/?page_id=1099","title":{"rendered":"Datenschutzerkl\u00e4rung"},"content":{"rendered":"<div class=\"wpb-content-wrapper\"><p>[vc_section][vc_row equal_height=&#8220;yes&#8220; content_placement=&#8220;middle&#8220;][vc_column width=&#8220;1\/2&#8243;]<div class=\"wpb_content_element \"><style type=\"text\/css\">#ut_header_69e4552d3353a h6.section-title { font-size:80px !important;line-height:88px !important;letter-spacing:-0.05em; }<\/style><header id=\"ut_header_69e4552d3353a\" class=\"section-header  ut-no-title-linebreak-mobile ut-no-lead-linebreak-mobile pt-style-1 header-left header-tablet-left header-mobile-center element-with-custom-line-height\"><div class=\"element-with-custom-line-height\" ><h6 data-title=\"Datenschutzerkl\u00e4rung\"  data-responsive-font=\"section_title\" data-responsive-font-settings=\"{&quot;base-font-size&quot;:&quot;global&quot;,&quot;font-size&quot;:{&quot;desktop_large&quot;:&quot;80&quot;},&quot;base-line-height&quot;:&quot;global&quot;,&quot;line-height&quot;:{&quot;desktop_large&quot;:&quot;88&quot;},&quot;base-letter-spacing&quot;:&quot;global&quot;,&quot;letter-spacing&quot;:{&quot;desktop_large&quot;:&quot;-0.05&quot;}}\" class=\"bklyn-divider-styles bklyn-divider-style-1 section-title \"><span>Datenschutzerkl\u00e4rung<\/span><\/h6><\/div><div data-delay=\"0\" class=\"lead \"><p><b>Einleitung und Geltungsbereich der Datenschutzerkl\u00e4rung<\/b><\/p>\n<p>Vielen Dank f\u00fcr Ihr Interesse an unserer Website. Der Schutz Ihrer personenbezogenen Daten ist uns ein sehr wichtiges Anliegen. Im Folgenden finden Sie Informationen zum Umgang mit Ihren Daten, die durch Ihre Nutzung unserer Website erfasst werden. Die Verarbeitung Ihrer Daten erfolgt entsprechend den gesetzlichen Regelungen zum Datenschutz.<\/p>\n<p>Diese Datenschutzerkl\u00e4rung gilt f\u00fcr das Internetangebot von commart \u2013 Agentur f\u00fcr Kommunikation, das unter der Domain www.commart.de sowie den verschiedenen Subdomains abrufbar ist.<\/p>\n<p><b>Begriffsbestimmungen<\/b><\/p>\n<p>Unsere Datenschutzerkl\u00e4rung soll f\u00fcr jedermann einfach und verst\u00e4ndlich sein. In dieser Datenschutzerkl\u00e4rung werden in der Regel die offiziellen Begriffe der Datenschutzgrundverordnung (nachfolgend DSGVO) verwendet. Die offiziellen Begriffsbestimmungen werden in Art. 4 DSGVO erl\u00e4utert.<\/p>\n<p><b>Rechtsgrundlagen f\u00fcr die Verarbeitung personenbezogener Daten<\/b><\/p>\n<p>Die Erhebung und Verwendung personenbezogener Daten unserer Nutzer erfolgt regelm\u00e4\u00dfig nur nach Einwilligung des Nutzers. Soweit wir f\u00fcr die Verarbeitung personenbezogener Daten eine Einwilligung der betroffenen Person einholen, ist Art. 6 Abs. 1 lit. a DSGVO die Rechtsgrundlage.<\/p>\n<p>Eine Ausnahme gilt in solchen F\u00e4llen, in denen eine vorherige Einholung einer Einwilligung aus tats\u00e4chlichen Gr\u00fcnden nicht m\u00f6glich ist und die Verarbeitung der Daten durch gesetzliche Vorschriften gestattet ist. Bei der Verarbeitung von personenbezogenen Daten, die zur Erf\u00fcllung eines Vertrages, dessen Vertragspartei die betroffene Person ist, erforderlich ist, ist Art. 6 Abs. 1 lit. b DSGVO die Rechtsgrundlage. Dies gilt auch f\u00fcr Verarbeitungsvorg\u00e4nge, die zur Durchf\u00fchrung vorvertraglicher Ma\u00dfnahmen erforderlich sind.<\/p>\n<p>Soweit eine Verarbeitung personenbezogener Daten zur Erf\u00fcllung einer rechtlichen Verpflichtung erforderlich ist, der wir unterliegen, ist Art. 6 Abs. 1 lit. c DSGVO die Rechtsgrundlage.<\/p>\n<p>Ist die Verarbeitung zur Wahrung eines berechtigten Interesses unseres Unternehmens oder eines Dritten erforderlich und \u00fcberwiegen die Interessen, Grundrechte und Grundfreiheiten der betroffenen Person das erstgenannte Interesse nicht, ist Art. 6 Abs. 1 lit. f DSGVO die Rechtsgrundlage.<\/p>\n<p><b>Verantwortliche Stelle<\/b><\/p>\n<p>commart \u2013 Agentur f\u00fcr Kommunikation<br \/>\nAysun Ertan<\/p>\n<p>Herrnbaustra\u00dfe 7<br \/>\n65812 Bad Soden am Taunus<\/p>\n<p>Telefon: +49 (0) 6196 9522519<br \/>\nMail: info@commart.de; a.ertan@commart.de<\/p>\n<p><b>Datenverarbeitung durch den Besuch unserer Website<\/b><\/p>\n<p>Wenn Sie unsere Webseite aufrufen, ist es technisch notwendig, dass \u00fcber Ihren Internetbrowser Daten an unseren Webserver \u00fcbermittelt werden. Folgende Daten werden w\u00e4hrend einer laufenden Verbindung zur Kommunikation zwischen Ihrem Internetbrowser und unserem Webserver aufgezeichnet:<\/p>\n<p>\u2022\tDatum und Uhrzeit der Anforderung,<br \/>\n\u2022\tName der angeforderten Datei,<br \/>\n\u2022\tSeite, von der aus die Datei angefordert wurde,<br \/>\n\u2022\tZugriffsstatus,<br \/>\n\u2022\tVerwendeter Webbrowser und verwendetes Betriebssystem,<br \/>\n\u2022\t(Vollst\u00e4ndige) IP-Adresse des anfordernden Rechners und<br \/>\n\u2022\t\u00dcbertragene Datenmenge.<\/p>\n<p>Die aufgelisteten Daten erheben wir, um einen reibungslosen Verbindungsaufbau der Website zu gew\u00e4hrleisten und eine komfortable Nutzung unserer Website durch die Nutzer zu erm\u00f6glichen. Zudem dient die Logdatei der Auswertung der Systemsicherheit und -stabilit\u00e4t sowie administrativen Zwecken.<\/p>\n<p>Rechtsgrundlage f\u00fcr die vor\u00fcbergehende Speicherung der Daten bzw. der Logfiles ist Art. 6 Abs. 1 lit. f DSGVO.<\/p>\n<p>Aus Gr\u00fcnden der technischen Sicherheit, insbesondere zur Abwehr von Angriffsversuchen auf unseren Webservern, werden diese Daten von uns kurzzeitig gespeichert. Anhand dieser Daten ist uns ein R\u00fcckschluss auf einzelne Personen nicht m\u00f6glich. Nach sp\u00e4testens sieben Tage werden die Daten durch Verk\u00fcrzung der IP-Adresse auf Domainebene anonymisiert, sodass es nicht mehr m\u00f6glich ist, einen Bezug zum einzelnen Nutzer herzustellen.<\/p>\n<p>In anonymisierter Form werden die Daten daneben ggf. zu statistischen Zwecken verarbeitet. Eine Speicherung dieser Daten zusammen mit anderen personenbezogenen Daten des Nutzers, ein Abgleich mit anderen Datenbest\u00e4nden oder eine Weitergabe an Dritte findet zu keinem Zeitpunkt statt.<\/p>\n<p><b>Cookies<\/b><\/p>\n<p>Allgemeiner Einsatz von Cookies<\/p>\n<p>Unsere Website setzt Cookies ein, die vom Browser auf Ihrem Ger\u00e4t gespeichert werden und die bestimmte Einstellungen zur Nutzung der Website enthalten (z. B. zur laufenden Sitzung). Cookies dienen dazu, unser Angebot nutzerfreundlicher, effektiver und sicherer zu machen. Cookies sind kleine Textdateien, die auf Ihrem Rechner abgelegt werden und die Ihr Browser speichert. Die aktuell von uns verwendeten Cookies sind so genannte Session-Cookies, welche nach dem Schlie\u00dfen des Browsers automatisch gel\u00f6scht werden.<\/p>\n<p>Teilweise dienen die Cookies dazu, durch Speicherung von Einstellungen Websiteprozesse zu vereinfachen (z. B. das Vorhalten bereits ausgew\u00e4hlter Optionen). Sofern durch einzelne von uns implementierte Cookies auch personenbezogene Daten verarbeitet werden, erfolgt die Verarbeitung gem\u00e4\u00df Art. 6 Abs. 1 lit. f DSGVO zur Wahrung unserer berechtigten Interessen an der bestm\u00f6glichen Funktionalit\u00e4t der Website sowie einer kundenfreundlichen und effektiven Ausgestaltung des Seitenbesuchs. Sie k\u00f6nnen Ihren Browser so einstellen, dass Sie \u00fcber das Setzen von Cookies informiert werden und Cookies nur im Einzelfall erlauben, die Annahme von Cookies f\u00fcr bestimmte F\u00e4lle oder generell ausschlie\u00dfen sowie das automatische L\u00f6schen der Cookies beim Schlie\u00dfen des Browsers aktivieren. Die Cookie Einstellungen k\u00f6nnen unter den folgenden Links f\u00fcr die jeweiligen Browser verwaltet werden:<\/p>\n<p>\u2022\tFirefox: https:\/\/support.mozilla.org\/de\/kb\/cookies-erlauben-und-ablehnen<br \/>\n\u2022\tInternet Explorer: http:\/\/windows.microsoft.com\/de-DE\/windows-vista\/Block-or-allow-cookies<br \/>\n\u2022\tChrome: http:\/\/support.google.com\/chrome\/bin\/answer.py?hl=de&#038;hlrm=en&#038;answer=95647<br \/>\n\u2022\tSafari: https:\/\/support.apple.com\/kb\/ph21411?locale=de_DE<br \/>\n\u2022\tOpera: https:\/\/help.opera.com\/en\/latest\/web-preferences\/#cookies<\/p>\n<p>Sie k\u00f6nnen auch die Cookies vieler Unternehmen und Funktionen einzeln verwalten, die f\u00fcr Werbung eingesetzt werden. Verwenden Sie dazu die entsprechenden Nutzertools, abrufbar unter: https:\/\/www.aboutads.info\/choices\/<br \/>\noder<br \/>\nhttp:\/\/www.youronlinechoices.com\/uk\/your-ad-choices<\/p>\n<p>Die meisten Browser bieten zudem eine sog. \u201eDo-Not-Track-Funktion\u201c an, mit der Sie angeben k\u00f6nnen, dass Sie nicht von Websites \u201everfolgt\u201c werden m\u00f6chten. Wenn diese Funktion aktiviert ist, teilt der jeweilige Browser Werbenetzwerken, Websites und Anwendungen mit, dass Sie nicht zwecks verhaltensbasierter Werbung und \u00c4hnlichem verfolgt werden m\u00f6chten. Informationen und Anleitungen, wie Sie diese Funktion bearbeiten k\u00f6nnen, erhalten Sie je nach Anbieter Ihres Browsers, unter den<br \/>\nnachfolgenden Links:<\/p>\n<p>\u2022\tGoogle Chrome: https:\/\/support.google.com\/chrome\/answer\/2790761?co=GENIE.Platform%3DDesktop&#038;hl=de<br \/>\n\u2022\tMozilla Firefox: https:\/\/www.mozilla.org\/de\/firefox\/dnt\/<br \/>\nInternet Explorer: https:\/\/support.microsoft.com\/de-de\/help\/17288\/windows-internet-explorer-11-use-do-not- track<br \/>\n\u2022\tOpera: http:\/\/help.opera.com\/Windows\/12.10\/de\/notrack.html<br \/>\n\u2022\tSafari: https:\/\/support.apple.com\/kb\/PH21416?locale=de_DE<\/p>\n<p>Zus\u00e4tzlich k\u00f6nnen Sie standardm\u00e4\u00dfig das Laden sog. Scripts verhindern. NoScript erlaubt das Ausf\u00fchren von JavaScripts, Java und anderen Plug-ins nur bei vertrauensw\u00fcrdigen Domains Ihrer Wahl. Informationen und Anleitungen, wie Sie diese Funktion bearbeiten k\u00f6nnen, erhalten Sie \u00fcber den Anbieter Ihres Browsers (z. B. f\u00fcr Mozilla Firefox unter: https:\/\/addons.mozilla.org\/de\/firefox\/addon\/noscript\/).<\/p>\n<p>Bitte beachten Sie, dass bei der Deaktivierung von Cookies die Funktionalit\u00e4t dieser Website eingeschr\u00e4nkt sein kann.<\/p>\n<p>Konkreter Einsatz von Cookies<\/p>\n<p>Wir setzen auf unserer Website lediglich Cookies, der Kategorie \u201eEssenziell\u201c ein. Das sind Cookies, die unverzichtbar f\u00fcr die Funktionalit\u00e4t unserer Website sind. In diesem Zusammenhang handelt sich um ein First Party Cookie. Unter einem First Party Cookie versteht man ein Cookie, das von einem f\u00fcr die Verarbeitung Verantwortlichen (oder seinem Auftragsverarbeiter) gesetzt wird. Wir sind verantwortlich f\u00fcr die Datenverarbeitung. Wir verarbeiten die aus dem Cookie gesammelten Daten zu eigenen Zwecken, unabh\u00e4ngig davon, ob wir das Cookie selbst programmiert haben oder das Cookie eines Dritten eingesetzt wird.<\/p>\n<p>Informationen zum Namen, Zweck und zur Art des Cookies lassen sich in unserem Cookie-Banner finden. Dieser ist auch hier \u00fcber https:\/\/www.commart.de\/real-cookie-banner\/public\/lib\/mobx\/lib\/mobx.umd.min.js?ver=4.15.7 jederzeit abrufbar.<\/p>\n<p>Rechtsgrundlage f\u00fcr den Einsatz dieses Cookies ist: Art. 6 Abs. 1 lit. f DSGVO und \u00a7 25 Abs. 2 Nr. 2 Telekommunikation-Telemedien-Datenschutz-Gesetz (nachfolgend TTDSG).<\/p>\n<p><b>Datenweitergabe und Empf\u00e4nger<\/b><\/p>\n<p>Eine \u00dcbermittlung Ihrer personenbezogenen Daten an Dritte erfolgt grunds\u00e4tzlich nicht. Ihre personenbezogenen Daten werden an Dritte nur weitergegeben oder anderweitig \u00fcbermittelt, wenn<br \/>\n\u2022\twir dazu aufgrund beh\u00f6rdlicher oder gerichtlicher Anordnung rechtlich verpflichtet sind,<br \/>\n\u2022\twir dazu berechtigt sind, z.B. weil dies zur Verfolgung von Straftaten oder zur Wahrnehmung und Durchsetzung unserer Rechte erforderlich ist oder,<br \/>\n\u2022\tSie zuvor eingewilligt haben.<\/p>\n<p>Wir nutzen dar\u00fcber hinaus f\u00fcr die Abwicklung unserer Services externe Dienstleister, die wir sorgf\u00e4ltig ausgew\u00e4hlt und schriftlich beauftragt haben. Sie sind an unsere Weisungen gebunden und werden von uns regelm\u00e4\u00dfig kontrolliert. In den gesetzlich notwendigen F\u00e4llen haben wir mit diesen Auftragsverarbeitungsvertr\u00e4ge nach Art. 28 DSGVO geschlossen. Diese sind Dienstleister f\u00fcr das Webhosting, den Versand von E-Mails sowie Wartung und Pflege unserer IT- Systemen usw. Die Dienstleister werden diese Daten nicht an Dritte weitergeben.<\/p>\n<p>Dienstleister in L\u00e4ndern wie den USA oder in den L\u00e4ndern au\u00dferhalb der Europ\u00e4ischen Union und des Europ\u00e4ischen Wirtschaftsraums unterliegen einem Datenschutz, der personenbezogene Daten im Allgemeinen nicht in demselben Ma\u00dfe sch\u00fctzt, wie es in den Mitgliedsstaaten der Europ\u00e4ischen Union der Fall ist. Soweit Ihre Daten in einem Land verarbeitet werden, welches nicht \u00fcber ein anerkannt hohes Datenschutzniveau wie die Europ\u00e4ische Union verf\u00fcgt, stellen wir \u00fcber vertragliche Regelungen oder andere anerkannte Instrumente sicher, dass Ihre personenbezogenen Daten angemessen gesch\u00fctzt werden.<\/p>\n<p><b>Dauer der Speicherung personenbezogener Daten<\/b><\/p>\n<p>Die Dauer der Speicherung von personenbezogenen Daten bemisst sich an den einschl\u00e4gigen gesetzlichen Aufbewahrungsfristen (z.B. aus dem Handelsrecht und dem Steuerrecht). Nach Ablauf der jeweiligen Frist werden die entsprechenden Daten routinem\u00e4\u00dfig gel\u00f6scht. Sofern Daten zur Vertragserf\u00fcllung oder Vertragsanbahnung erforderlich sind oder unsererseits ein berechtigtes Interesse an der Weiterspeicherung besteht, werden die Daten gel\u00f6scht, wenn Sie zu diesen Zwecken nicht mehr erforderlich sind oder Sie von Ihrem Widerrufs- oder Widerspruchsrecht Gebrauch gemacht machen.<\/p>\n<p><b>Sicherheitsma\u00dfnahmen zum Schutz der Daten<\/b><\/p>\n<p>Wir verpflichten uns, Ihre Privatsph\u00e4re zu sch\u00fctzen und Ihre personenbezogenen Daten vertraulich zu behandeln. Um einen Verlust oder Missbrauch der bei uns gespeicherten Daten zu vermeiden, treffen wir umfangreiche technische und organisatorische Sicherheitsvorkehrungen, die regelm\u00e4\u00dfig \u00fcberpr\u00fcft und dem technologischen Fortschritt angepasst werden. Wir weisen Sie jedoch darauf hin, dass es aufgrund der Struktur des Internets m\u00f6glich ist, dass die Regeln des Datenschutzes und die Sicherheitsma\u00dfnahmen von anderen, nicht unter unserem Einfluss stehenden, Personen oder Organisationen missachtet werden k\u00f6nnen. Insbesondere k\u00f6nnen unverschl\u00fcsselte Daten \u2012 z. B. bei der \u00dcbermittlung per E-Mail \u2012 von Dritten mitgelesen werden. Wir haben technisch hierauf keinen Einfluss. Es liegt im Verantwortungsbereich des Nutzers, die von ihm zur Verf\u00fcgung gestellten Daten durch Verschl\u00fcsselung oder in sonstiger Weise vor Missbrauch zu sch\u00fctzen.<\/p>\n<p><b>Ihre Rechte<\/b><\/p>\n<p>Im Folgenden finden Sie Informationen dazu, welche Betroffenenrechte das geltende Datenschutzrecht Ihnen uns gegen\u00fcber hinsichtlich der Verarbeitung Ihrer personenbezogenen Daten gew\u00e4hrt:<\/p>\n<p>\u2022\tRecht auf Auskunft, Art. 15 DSGVO: Sie k\u00f6nnen jederzeit Auskunft \u00fcber Ihre bei uns gespeicherten personenbezogenen Daten erhalten,<br \/>\n\u2022\tRecht auf Berichtigung, Art. 16 DSGVO: Sofern wir personenbezogene Daten von Ihnen direkt verarbeiten und Sie fehlerhafte Angaben oder Aktualisierungsbedarf daran entdecken, k\u00f6nnen Sie uns dies zu Korrekturzwecken gerne mitteilen,<br \/>\n\u2022\tRecht auf L\u00f6schung, Art. 17 DSGVO: Sie haben jederzeit das Recht, die L\u00f6schung Ihrer personenbezogenen Daten bei uns zu beantragen. Bitte beachten Sie, dass wir gesetzlich dazu verpflichtet sein k\u00f6nnen, bestimmte Daten gem\u00e4\u00df den gesetzlichen Aufbewahrungspflichten vorzuhalten. Diese Datenkategorien teilen wir Ihnen sodann mit,<br \/>\n\u2022\tRecht auf Einschr\u00e4nkung, Art. 18 DSGVO: Sie k\u00f6nnen jederzeit beantragen, Ihre personenbezogenen Daten in der Verarbeitung einzuschr\u00e4nken,<br \/>\n\u2022\tRecht auf Daten\u00fcbertragbarkeit (Daten-Export), Art. 20 DSGVO: Da Sie uns in der Regel keine personenbezogenen Daten beim Besuch unserer Webseiten bereitstellen, k\u00f6nnen wir Ihnen hierzu keine klassische Datenexport-Funktion anbieten. Auf jeden Fall pr\u00fcfen wir Ihr Ersuchen gem\u00e4\u00df den gesetzlichen Bestimmungen und der technischen Machbarkeit und setzen uns hinsichtlich einer Umsetzung mit Ihnen umgehend in Verbindung,<br \/>\n\u2022\tRecht auf Widerspruch, Art. 21 DSGVO \/ Widerruf, Art. 7 Abs. 3 DSGVO: Sie k\u00f6nnen der Verarbeitung Ihrer personenbezogenen Daten durch uns jederzeit widersprechen beziehungsweise eine erteilte Einwilligung dazu mit Wirkung f\u00fcr die Zukunft widerrufen; dies gilt auch f\u00fcr ein darauf gest\u00fctztes Profiling und f\u00fcr Werbezwecke,<br \/>\n\u2022\tDer Widerspruch \/ Widerruf kann formfrei erfolgen und sollte m\u00f6glichst gerichtet werden an: info@commart.de; a.ertan@commart.de<br \/>\n\u2022\tRecht auf Beschwerde bei den Aufsichtsbeh\u00f6rden, Art 77 DSGVO: Sie haben das Recht bei Ihrer zust\u00e4ndigen Landesdatenschutz-Aufsichtsbeh\u00f6rde Beschwerde einzulegen, wenn Sie der Meinung sind, dass wir Ihre Daten nicht ordnungsgem\u00e4\u00df verarbeiten. Die Adresse finden Sie im Internet auf der Seite der Bundesbeauftragten f\u00fcr den Datenschutz und<br \/>\n\u2022\tF\u00fcr uns zust\u00e4ndige Aufsichtsbeh\u00f6rde:<\/p>\n<p>Der Hessische Beauftragte f\u00fcr Datenschutz und Informationssicherheit<\/p>\n<p>Gustav-Stresemann-Ring 1<br \/>\n65189 Wiesbaden<br \/>\nTelefon: 0611-1408 0<br \/>\nE-Mail: poststelle@datenschutz.hessen.de<\/p>\n<p>Wir behalten uns vor, diese Datenschutzerkl\u00e4rung erforderlichenfalls unter Beachtung der geltenden Datenschutzvorschriften anzupassen bzw. zu aktualisieren. Auf diese Weise k\u00f6nnen wir sie den aktuellen rechtlichen Anforderungen anpassen und \u00c4nderungen unserer Leistungen ber\u00fccksichtigen, z. B. bei der Einf\u00fchrung neuer Services. F\u00fcr Ihren Besuch gilt die jeweils aktuellste Fassung.<\/p>\n<p>Stand dieser Datenschutzerkl\u00e4rung: Dezember 2022<\/p>\n<\/div><\/header><\/div>[\/vc_column][\/vc_row][\/vc_section]<\/p>\n<\/div>","protected":false},"excerpt":{"rendered":"<p>[vc_section][vc_row equal_height=&#8220;yes&#8220; content_placement=&#8220;middle&#8220;][vc_column width=&#8220;1\/2&#8243;][\/vc_column][\/vc_row][\/vc_section]<\/p>\n","protected":false},"author":1,"featured_media":0,"parent":0,"menu_order":0,"comment_status":"closed","ping_status":"closed","template":"","meta":{"_sitemap_exclude":false,"_sitemap_priority":"","_sitemap_frequency":"","footnotes":""},"class_list":["post-1099","page","type-page","status-publish","hentry"],"yoast_head":"<!-- This site is optimized with the Yoast SEO plugin v27.4 - https:\/\/yoast.com\/product\/yoast-seo-wordpress\/ -->\n<title>Datenschutzerkl\u00e4rung - WILLKOMMEN BEI COMMART<\/title>\n<meta name=\"robots\" content=\"index, follow, max-snippet:-1, max-image-preview:large, max-video-preview:-1\" \/>\n<link rel=\"canonical\" href=\"https:\/\/www.commart.de\/?page_id=1099\" \/>\n<meta property=\"og:locale\" content=\"de_DE\" \/>\n<meta property=\"og:type\" content=\"article\" \/>\n<meta property=\"og:title\" content=\"Datenschutzerkl\u00e4rung - WILLKOMMEN BEI COMMART\" \/>\n<meta property=\"og:description\" content=\"[vc_section][vc_row equal_height=&#8220;yes&#8220; content_placement=&#8220;middle&#8220;][vc_column width=&#8220;1\/2&#8243;][\/vc_column][\/vc_row][\/vc_section]\" \/>\n<meta property=\"og:url\" content=\"https:\/\/www.commart.de\/?page_id=1099\" \/>\n<meta property=\"og:site_name\" content=\"WILLKOMMEN BEI COMMART\" \/>\n<meta property=\"article:publisher\" content=\"https:\/\/www.facebook.com\/commart.de\/\" \/>\n<meta property=\"article:modified_time\" content=\"2022-12-23T01:07:50+00:00\" \/>\n<meta name=\"twitter:card\" content=\"summary_large_image\" \/>\n<meta name=\"twitter:label1\" content=\"Gesch\u00e4tzte Lesezeit\" \/>\n\t<meta name=\"twitter:data1\" content=\"11\u00a0Minuten\" \/>\n<script type=\"application\/ld+json\" class=\"yoast-schema-graph\">{\"@context\":\"https:\\\/\\\/schema.org\",\"@graph\":[{\"@type\":\"WebPage\",\"@id\":\"https:\\\/\\\/www.commart.de\\\/?page_id=1099\",\"url\":\"https:\\\/\\\/www.commart.de\\\/?page_id=1099\",\"name\":\"Datenschutzerkl\u00e4rung - WILLKOMMEN BEI COMMART\",\"isPartOf\":{\"@id\":\"https:\\\/\\\/www.commart.de\\\/#website\"},\"datePublished\":\"2019-12-18T18:40:56+00:00\",\"dateModified\":\"2022-12-23T01:07:50+00:00\",\"breadcrumb\":{\"@id\":\"https:\\\/\\\/www.commart.de\\\/?page_id=1099#breadcrumb\"},\"inLanguage\":\"de\",\"potentialAction\":[{\"@type\":\"ReadAction\",\"target\":[\"https:\\\/\\\/www.commart.de\\\/?page_id=1099\"]}]},{\"@type\":\"BreadcrumbList\",\"@id\":\"https:\\\/\\\/www.commart.de\\\/?page_id=1099#breadcrumb\",\"itemListElement\":[{\"@type\":\"ListItem\",\"position\":1,\"name\":\"Startseite\",\"item\":\"https:\\\/\\\/www.commart.de\\\/\"},{\"@type\":\"ListItem\",\"position\":2,\"name\":\"Datenschutzerkl\u00e4rung\"}]},{\"@type\":\"WebSite\",\"@id\":\"https:\\\/\\\/www.commart.de\\\/#website\",\"url\":\"https:\\\/\\\/www.commart.de\\\/\",\"name\":\"commart- Agentur f\u00fcr Kommunikation\",\"description\":\"\",\"publisher\":{\"@id\":\"https:\\\/\\\/www.commart.de\\\/#organization\"},\"potentialAction\":[{\"@type\":\"SearchAction\",\"target\":{\"@type\":\"EntryPoint\",\"urlTemplate\":\"https:\\\/\\\/www.commart.de\\\/?s={search_term_string}\"},\"query-input\":{\"@type\":\"PropertyValueSpecification\",\"valueRequired\":true,\"valueName\":\"search_term_string\"}}],\"inLanguage\":\"de\"},{\"@type\":\"Organization\",\"@id\":\"https:\\\/\\\/www.commart.de\\\/#organization\",\"name\":\"COMMART\",\"url\":\"https:\\\/\\\/www.commart.de\\\/\",\"logo\":{\"@type\":\"ImageObject\",\"inLanguage\":\"de\",\"@id\":\"https:\\\/\\\/www.commart.de\\\/#\\\/schema\\\/logo\\\/image\\\/\",\"url\":\"https:\\\/\\\/www.commart.de\\\/wp-content\\\/uploads\\\/2022\\\/11\\\/logo_1_retina.png\",\"contentUrl\":\"https:\\\/\\\/www.commart.de\\\/wp-content\\\/uploads\\\/2022\\\/11\\\/logo_1_retina.png\",\"width\":100,\"height\":25,\"caption\":\"COMMART\"},\"image\":{\"@id\":\"https:\\\/\\\/www.commart.de\\\/#\\\/schema\\\/logo\\\/image\\\/\"},\"sameAs\":[\"https:\\\/\\\/www.facebook.com\\\/commart.de\\\/\",\"https:\\\/\\\/www.instagram.com\\\/commart.de\\\/\"]}]}<\/script>\n<!-- \/ Yoast SEO plugin. -->","yoast_head_json":{"title":"Datenschutzerkl\u00e4rung - WILLKOMMEN BEI COMMART","robots":{"index":"index","follow":"follow","max-snippet":"max-snippet:-1","max-image-preview":"max-image-preview:large","max-video-preview":"max-video-preview:-1"},"canonical":"https:\/\/www.commart.de\/?page_id=1099","og_locale":"de_DE","og_type":"article","og_title":"Datenschutzerkl\u00e4rung - WILLKOMMEN BEI COMMART","og_description":"[vc_section][vc_row equal_height=&#8220;yes&#8220; content_placement=&#8220;middle&#8220;][vc_column width=&#8220;1\/2&#8243;][\/vc_column][\/vc_row][\/vc_section]","og_url":"https:\/\/www.commart.de\/?page_id=1099","og_site_name":"WILLKOMMEN BEI COMMART","article_publisher":"https:\/\/www.facebook.com\/commart.de\/","article_modified_time":"2022-12-23T01:07:50+00:00","twitter_card":"summary_large_image","twitter_misc":{"Gesch\u00e4tzte Lesezeit":"11\u00a0Minuten"},"schema":{"@context":"https:\/\/schema.org","@graph":[{"@type":"WebPage","@id":"https:\/\/www.commart.de\/?page_id=1099","url":"https:\/\/www.commart.de\/?page_id=1099","name":"Datenschutzerkl\u00e4rung - WILLKOMMEN BEI COMMART","isPartOf":{"@id":"https:\/\/www.commart.de\/#website"},"datePublished":"2019-12-18T18:40:56+00:00","dateModified":"2022-12-23T01:07:50+00:00","breadcrumb":{"@id":"https:\/\/www.commart.de\/?page_id=1099#breadcrumb"},"inLanguage":"de","potentialAction":[{"@type":"ReadAction","target":["https:\/\/www.commart.de\/?page_id=1099"]}]},{"@type":"BreadcrumbList","@id":"https:\/\/www.commart.de\/?page_id=1099#breadcrumb","itemListElement":[{"@type":"ListItem","position":1,"name":"Startseite","item":"https:\/\/www.commart.de\/"},{"@type":"ListItem","position":2,"name":"Datenschutzerkl\u00e4rung"}]},{"@type":"WebSite","@id":"https:\/\/www.commart.de\/#website","url":"https:\/\/www.commart.de\/","name":"commart- Agentur f\u00fcr Kommunikation","description":"","publisher":{"@id":"https:\/\/www.commart.de\/#organization"},"potentialAction":[{"@type":"SearchAction","target":{"@type":"EntryPoint","urlTemplate":"https:\/\/www.commart.de\/?s={search_term_string}"},"query-input":{"@type":"PropertyValueSpecification","valueRequired":true,"valueName":"search_term_string"}}],"inLanguage":"de"},{"@type":"Organization","@id":"https:\/\/www.commart.de\/#organization","name":"COMMART","url":"https:\/\/www.commart.de\/","logo":{"@type":"ImageObject","inLanguage":"de","@id":"https:\/\/www.commart.de\/#\/schema\/logo\/image\/","url":"https:\/\/www.commart.de\/wp-content\/uploads\/2022\/11\/logo_1_retina.png","contentUrl":"https:\/\/www.commart.de\/wp-content\/uploads\/2022\/11\/logo_1_retina.png","width":100,"height":25,"caption":"COMMART"},"image":{"@id":"https:\/\/www.commart.de\/#\/schema\/logo\/image\/"},"sameAs":["https:\/\/www.facebook.com\/commart.de\/","https:\/\/www.instagram.com\/commart.de\/"]}]}},"_links":{"self":[{"href":"https:\/\/www.commart.de\/index.php?rest_route=\/wp\/v2\/pages\/1099","targetHints":{"allow":["GET"]}}],"collection":[{"href":"https:\/\/www.commart.de\/index.php?rest_route=\/wp\/v2\/pages"}],"about":[{"href":"https:\/\/www.commart.de\/index.php?rest_route=\/wp\/v2\/types\/page"}],"author":[{"embeddable":true,"href":"https:\/\/www.commart.de\/index.php?rest_route=\/wp\/v2\/users\/1"}],"replies":[{"embeddable":true,"href":"https:\/\/www.commart.de\/index.php?rest_route=%2Fwp%2Fv2%2Fcomments&post=1099"}],"version-history":[{"count":0,"href":"https:\/\/www.commart.de\/index.php?rest_route=\/wp\/v2\/pages\/1099\/revisions"}],"wp:attachment":[{"href":"https:\/\/www.commart.de\/index.php?rest_route=%2Fwp%2Fv2%2Fmedia&parent=1099"}],"curies":[{"name":"wp","href":"https:\/\/api.w.org\/{rel}","templated":true}]}}